{"id":71,"date":"2022-08-03T21:51:43","date_gmt":"2022-08-04T00:51:43","guid":{"rendered":"https:\/\/fundacion.exactas.unlp.edu.ar\/?page_id=71"},"modified":"2022-11-11T10:20:04","modified_gmt":"2022-11-11T13:20:04","slug":"mision","status":"publish","type":"page","link":"https:\/\/fundacion.exactas.unlp.edu.ar\/index.php\/institucional\/mision\/","title":{"rendered":"Misi\u00f3n"},"content":{"rendered":"\n<p><strong>&#8220;La Fundaci\u00f3n tendr\u00e1 por objeto contribuir al mejoramiento de la actividad de ense\u00f1anza de grado y de postgrado y a promover la investigaci\u00f3n cient\u00edfica y tecnol\u00f3gica de la Universidad Nacional de La Plata, en particular la transferencia de sus resultados al sector productivo, as\u00ed como contribuir al equipamiento e infraestructura de la Facultad de Ciencias Exactas que faciliten aquella finalidad.&#8221;<\/strong><\/p>\n","protected":false},"excerpt":{"rendered":"<p>&#8220;La Fundaci\u00f3n tendr\u00e1 por objeto contribuir al mejoramiento de la actividad de ense\u00f1anza de grado y de postgrado y a promover la investigaci\u00f3n cient\u00edfica y tecnol\u00f3gica de la Universidad Nacional de La Plata, en particular la transferencia de sus resultados al sector productivo, as\u00ed como contribuir al equipamiento e infraestructura de la Facultad de Ciencias &#8230; <a title=\"Misi\u00f3n\" class=\"read-more\" href=\"https:\/\/fundacion.exactas.unlp.edu.ar\/index.php\/institucional\/mision\/\" aria-label=\"Leer m\u00e1s sobre Misi\u00f3n\">Leer m\u00e1s<\/a><\/p>\n","protected":false},"author":2,"featured_media":0,"parent":69,"menu_order":0,"comment_status":"closed","ping_status":"closed","template":"","meta":{"footnotes":""},"class_list":["post-71","page","type-page","status-publish"],"_links":{"self":[{"href":"https:\/\/fundacion.exactas.unlp.edu.ar\/index.php\/wp-json\/wp\/v2\/pages\/71","targetHints":{"allow":["GET"]}}],"collection":[{"href":"https:\/\/fundacion.exactas.unlp.edu.ar\/index.php\/wp-json\/wp\/v2\/pages"}],"about":[{"href":"https:\/\/fundacion.exactas.unlp.edu.ar\/index.php\/wp-json\/wp\/v2\/types\/page"}],"author":[{"embeddable":true,"href":"https:\/\/fundacion.exactas.unlp.edu.ar\/index.php\/wp-json\/wp\/v2\/users\/2"}],"replies":[{"embeddable":true,"href":"https:\/\/fundacion.exactas.unlp.edu.ar\/index.php\/wp-json\/wp\/v2\/comments?post=71"}],"version-history":[{"count":4,"href":"https:\/\/fundacion.exactas.unlp.edu.ar\/index.php\/wp-json\/wp\/v2\/pages\/71\/revisions"}],"predecessor-version":[{"id":331,"href":"https:\/\/fundacion.exactas.unlp.edu.ar\/index.php\/wp-json\/wp\/v2\/pages\/71\/revisions\/331"}],"up":[{"embeddable":true,"href":"https:\/\/fundacion.exactas.unlp.edu.ar\/index.php\/wp-json\/wp\/v2\/pages\/69"}],"wp:attachment":[{"href":"https:\/\/fundacion.exactas.unlp.edu.ar\/index.php\/wp-json\/wp\/v2\/media?parent=71"}],"curies":[{"name":"wp","href":"https:\/\/api.w.org\/{rel}","templated":true}]}}