{"id":73,"date":"2022-08-03T21:52:14","date_gmt":"2022-08-04T00:52:14","guid":{"rendered":"https:\/\/fundacion.exactas.unlp.edu.ar\/?page_id=73"},"modified":"2022-10-18T08:56:19","modified_gmt":"2022-10-18T11:56:19","slug":"autoridades","status":"publish","type":"page","link":"https:\/\/fundacion.exactas.unlp.edu.ar\/index.php\/institucional\/autoridades\/","title":{"rendered":"Autoridades"},"content":{"rendered":"\n<p><strong>Presidente<\/strong><\/p>\n\n\n\n<p>Prof. Dr. Alberto Capparelli<\/p>\n\n\n\n<p><strong>Vicepresidente<\/strong><\/p>\n\n\n\n<p>Dra. Mar\u00eda Cristina A\u00f1\u00f3n<\/p>\n\n\n\n<p><strong>Tesorero<\/strong><\/p>\n\n\n\n<p>Dra. Alicia C\u00e1nepa<\/p>\n\n\n\n<p><strong>Protesorero<\/strong><\/p>\n\n\n\n<p>Dr. Guillermo Docena<\/p>\n\n\n\n<p><strong>Secretario de Actas<\/strong><\/p>\n\n\n\n<p>Dra. Mar\u00eda Mercedes Schiavoni<\/p>\n\n\n\n<p><strong>Prosecretario<\/strong><\/p>\n\n\n\n<p>Dr. Mariano Pistorio<\/p>\n\n\n\n<p><strong>Vocales<\/strong><\/p>\n\n\n\n<p>Dra. Marcela Zucalli<\/p>\n\n\n\n<p>Dra. Mariela Portesi<\/p>\n\n\n\n<p>Dr. Francisco Homero S\u00e1nchez<\/p>\n\n\n\n<p>Dr. Sebasti\u00e1n Cavalitto<\/p>\n\n\n\n<p>Ing. Daniel Cappelletti<\/p>\n","protected":false},"excerpt":{"rendered":"<p>Presidente Prof. Dr. Alberto Capparelli Vicepresidente Dra. Mar\u00eda Cristina A\u00f1\u00f3n Tesorero Dra. Alicia C\u00e1nepa Protesorero Dr. Guillermo Docena Secretario de Actas Dra. Mar\u00eda Mercedes Schiavoni Prosecretario Dr. Mariano Pistorio Vocales Dra. Marcela Zucalli Dra. Mariela Portesi Dr. Francisco Homero S\u00e1nchez Dr. Sebasti\u00e1n Cavalitto Ing. Daniel Cappelletti<\/p>\n","protected":false},"author":3,"featured_media":0,"parent":69,"menu_order":1,"comment_status":"closed","ping_status":"closed","template":"","meta":{"footnotes":""},"class_list":["post-73","page","type-page","status-publish"],"_links":{"self":[{"href":"https:\/\/fundacion.exactas.unlp.edu.ar\/index.php\/wp-json\/wp\/v2\/pages\/73","targetHints":{"allow":["GET"]}}],"collection":[{"href":"https:\/\/fundacion.exactas.unlp.edu.ar\/index.php\/wp-json\/wp\/v2\/pages"}],"about":[{"href":"https:\/\/fundacion.exactas.unlp.edu.ar\/index.php\/wp-json\/wp\/v2\/types\/page"}],"author":[{"embeddable":true,"href":"https:\/\/fundacion.exactas.unlp.edu.ar\/index.php\/wp-json\/wp\/v2\/users\/3"}],"replies":[{"embeddable":true,"href":"https:\/\/fundacion.exactas.unlp.edu.ar\/index.php\/wp-json\/wp\/v2\/comments?post=73"}],"version-history":[{"count":9,"href":"https:\/\/fundacion.exactas.unlp.edu.ar\/index.php\/wp-json\/wp\/v2\/pages\/73\/revisions"}],"predecessor-version":[{"id":377,"href":"https:\/\/fundacion.exactas.unlp.edu.ar\/index.php\/wp-json\/wp\/v2\/pages\/73\/revisions\/377"}],"up":[{"embeddable":true,"href":"https:\/\/fundacion.exactas.unlp.edu.ar\/index.php\/wp-json\/wp\/v2\/pages\/69"}],"wp:attachment":[{"href":"https:\/\/fundacion.exactas.unlp.edu.ar\/index.php\/wp-json\/wp\/v2\/media?parent=73"}],"curies":[{"name":"wp","href":"https:\/\/api.w.org\/{rel}","templated":true}]}}