{"id":75,"date":"2022-08-03T21:52:38","date_gmt":"2022-08-04T00:52:38","guid":{"rendered":"https:\/\/fundacion.exactas.unlp.edu.ar\/?page_id=75"},"modified":"2025-09-16T12:19:53","modified_gmt":"2025-09-16T15:19:53","slug":"staff","status":"publish","type":"page","link":"https:\/\/fundacion.exactas.unlp.edu.ar\/index.php\/institucional\/staff\/","title":{"rendered":"Staff"},"content":{"rendered":"\n<p><\/p>\n\n\n\n<div class=\"wp-block-media-text alignwide is-stacked-on-mobile\" style=\"grid-template-columns:15% auto\"><figure class=\"wp-block-media-text__media\"><img loading=\"lazy\" decoding=\"async\" width=\"842\" height=\"1024\" src=\"https:\/\/fundacion.exactas.unlp.edu.ar\/wp-content\/uploads\/2023\/05\/Sil-842x1024.jpg\" alt=\"\" class=\"wp-image-471 size-full\" srcset=\"https:\/\/fundacion.exactas.unlp.edu.ar\/wp-content\/uploads\/2023\/05\/Sil-842x1024.jpg 842w, https:\/\/fundacion.exactas.unlp.edu.ar\/wp-content\/uploads\/2023\/05\/Sil-247x300.jpg 247w, https:\/\/fundacion.exactas.unlp.edu.ar\/wp-content\/uploads\/2023\/05\/Sil-768x934.jpg 768w, https:\/\/fundacion.exactas.unlp.edu.ar\/wp-content\/uploads\/2023\/05\/Sil-1263x1536.jpg 1263w, https:\/\/fundacion.exactas.unlp.edu.ar\/wp-content\/uploads\/2023\/05\/Sil-1685x2048.jpg 1685w\" sizes=\"auto, (max-width: 842px) 100vw, 842px\" \/><\/figure><div class=\"wp-block-media-text__content\">\n<p><i class=\"fas fa-user\"><\/i> Silvia Adriana Moya<\/p>\n\n\n\n<p><i class=\"fas fa-envelope\"><\/i> subs-silvia@biol.unlp.edu.ar<\/p>\n\n\n\n<p><i class=\"fas fa-info\"><\/i> Administradora operativa, proyectos PICTs.<\/p>\n<\/div><\/div>\n\n\n\n<p><\/p>\n\n\n\n<div class=\"wp-block-media-text alignwide is-stacked-on-mobile\" style=\"grid-template-columns:15% auto\"><figure class=\"wp-block-media-text__media\"><img loading=\"lazy\" decoding=\"async\" width=\"802\" height=\"1024\" src=\"https:\/\/fundacion.exactas.unlp.edu.ar\/wp-content\/uploads\/2022\/10\/WhatsApp-Image-2022-10-27-at-10.44.15-802x1024.jpeg\" alt=\"\" class=\"wp-image-262 size-full\" srcset=\"https:\/\/fundacion.exactas.unlp.edu.ar\/wp-content\/uploads\/2022\/10\/WhatsApp-Image-2022-10-27-at-10.44.15-802x1024.jpeg 802w, https:\/\/fundacion.exactas.unlp.edu.ar\/wp-content\/uploads\/2022\/10\/WhatsApp-Image-2022-10-27-at-10.44.15-235x300.jpeg 235w, https:\/\/fundacion.exactas.unlp.edu.ar\/wp-content\/uploads\/2022\/10\/WhatsApp-Image-2022-10-27-at-10.44.15-768x981.jpeg 768w, https:\/\/fundacion.exactas.unlp.edu.ar\/wp-content\/uploads\/2022\/10\/WhatsApp-Image-2022-10-27-at-10.44.15.jpeg 986w\" sizes=\"auto, (max-width: 802px) 100vw, 802px\" \/><\/figure><div class=\"wp-block-media-text__content\">\n<p><i class=\"fas fa-user\"><\/i> Nayla Bruzzoni<\/p>\n\n\n\n<p><i class=\"fas fa-envelope\"><\/i> nbruzzoni@exactas.unlp.edu.ar<\/p>\n\n\n\n<p><i class=\"fas fa-info\"><\/i> Servicios a terceros, congresos, cursos, convenios, proyectos CIC, FITBA y Fundaci\u00f3n Williams.<\/p>\n<\/div><\/div>\n\n\n\n<p><\/p>\n\n\n\n<div class=\"wp-block-media-text alignwide is-stacked-on-mobile\" style=\"grid-template-columns:15% auto\"><figure class=\"wp-block-media-text__media\"><img loading=\"lazy\" decoding=\"async\" width=\"970\" height=\"1296\" src=\"https:\/\/fundacion.exactas.unlp.edu.ar\/wp-content\/uploads\/2022\/10\/Paola.jpeg\" alt=\"\" class=\"wp-image-213 size-full\"\/><\/figure><div class=\"wp-block-media-text__content\">\n<p><font style=\"vertical-align: inherit;\"><font style=\"vertical-align: inherit;\"><i class=\"fas fa-user\"><\/i> Paola C\u00e1rdenas<\/font><\/font><\/p>\n\n\n\n<p><i class=\"fas fa-envelope\"><\/i> pcardenas@exactas.unlp.edu.ar<\/p>\n\n\n\n<p><i class=\"fas fa-info\"><\/i> Gestiones bancarias.<\/p>\n<\/div><\/div>\n\n\n\n<p><\/p>\n\n\n\n<div class=\"wp-block-media-text alignwide is-stacked-on-mobile\" style=\"grid-template-columns:15% auto\"><figure class=\"wp-block-media-text__media\"><img loading=\"lazy\" decoding=\"async\" width=\"784\" height=\"1024\" src=\"https:\/\/fundacion.exactas.unlp.edu.ar\/wp-content\/uploads\/2023\/05\/Eze-784x1024.jpg\" alt=\"\" class=\"wp-image-470 size-full\" srcset=\"https:\/\/fundacion.exactas.unlp.edu.ar\/wp-content\/uploads\/2023\/05\/Eze-784x1024.jpg 784w, https:\/\/fundacion.exactas.unlp.edu.ar\/wp-content\/uploads\/2023\/05\/Eze-230x300.jpg 230w, https:\/\/fundacion.exactas.unlp.edu.ar\/wp-content\/uploads\/2023\/05\/Eze-768x1004.jpg 768w, https:\/\/fundacion.exactas.unlp.edu.ar\/wp-content\/uploads\/2023\/05\/Eze-1175x1536.jpg 1175w, https:\/\/fundacion.exactas.unlp.edu.ar\/wp-content\/uploads\/2023\/05\/Eze-1567x2048.jpg 1567w, https:\/\/fundacion.exactas.unlp.edu.ar\/wp-content\/uploads\/2023\/05\/Eze-scaled.jpg 1959w\" sizes=\"auto, (max-width: 784px) 100vw, 784px\" \/><\/figure><div class=\"wp-block-media-text__content\">\n<p><i class=\"fas fa-user\"><\/i><font style=\"vertical-align: inherit;\"><font style=\"vertical-align: inherit;\"> Ezequiel Facundo de Rosa<\/font><\/font><\/p>\n\n\n\n<p><i class=\"fas fa-envelope\"><\/i> ederosa@exactas.unlp.edu.ar<\/p>\n\n\n\n<p><i class=\"fas fa-info\"><\/i><font style=\"vertical-align: inherit;\"><font style=\"vertical-align: inherit;\"><font style=\"vertical-align: inherit;\"><font style=\"vertical-align: inherit;\"> <\/font><\/font><\/font><\/font>Proyectos PICT\/PICTRO, registraciones contables y conciliaciones.<\/p>\n<\/div><\/div>\n\n\n\n<p><\/p>\n\n\n\n<div class=\"wp-block-media-text alignwide is-stacked-on-mobile\" style=\"grid-template-columns:15% auto\"><figure class=\"wp-block-media-text__media\"><img loading=\"lazy\" decoding=\"async\" width=\"759\" height=\"1024\" src=\"https:\/\/fundacion.exactas.unlp.edu.ar\/wp-content\/uploads\/2023\/05\/Agus-759x1024.jpg\" alt=\"\" class=\"wp-image-468 size-full\" srcset=\"https:\/\/fundacion.exactas.unlp.edu.ar\/wp-content\/uploads\/2023\/05\/Agus-759x1024.jpg 759w, https:\/\/fundacion.exactas.unlp.edu.ar\/wp-content\/uploads\/2023\/05\/Agus-222x300.jpg 222w, https:\/\/fundacion.exactas.unlp.edu.ar\/wp-content\/uploads\/2023\/05\/Agus-768x1036.jpg 768w, https:\/\/fundacion.exactas.unlp.edu.ar\/wp-content\/uploads\/2023\/05\/Agus-1139x1536.jpg 1139w, https:\/\/fundacion.exactas.unlp.edu.ar\/wp-content\/uploads\/2023\/05\/Agus-1519x2048.jpg 1519w, https:\/\/fundacion.exactas.unlp.edu.ar\/wp-content\/uploads\/2023\/05\/Agus-scaled.jpg 1898w\" sizes=\"auto, (max-width: 759px) 100vw, 759px\" \/><\/figure><div class=\"wp-block-media-text__content\">\n<p><i class=\"fas fa-user\"><\/i> <font style=\"vertical-align: inherit;\">Agustin Buzzalino<\/font><\/p>\n\n\n\n<p><i class=\"fas fa-envelope\"><\/i> abuzzalino@exactas.unlp.edu.ar<\/p>\n\n\n\n<p><font style=\"vertical-align: inherit;\"><font style=\"vertical-align: inherit;\"><font style=\"vertical-align: inherit;\"><font style=\"vertical-align: inherit;\"><i class=\"fas fa-info\"><\/i> Dise\u00f1o, atenci\u00f3n al p\u00fablico<\/font><\/font><\/font><\/font>, administrativo.<\/p>\n<\/div><\/div>\n\n\n\n<p><\/p>\n\n\n\n<p><\/p>\n\n\n\n<p><\/p>\n","protected":false},"excerpt":{"rendered":"<p>Silvia Adriana Moya subs-silvia@biol.unlp.edu.ar Administradora operativa, proyectos PICTs. Nayla Bruzzoni nbruzzoni@exactas.unlp.edu.ar Servicios a terceros, congresos, cursos, convenios, proyectos CIC, FITBA y Fundaci\u00f3n Williams. Paola C\u00e1rdenas pcardenas@exactas.unlp.edu.ar Gestiones bancarias. Ezequiel Facundo de Rosa ederosa@exactas.unlp.edu.ar Proyectos PICT\/PICTRO, registraciones contables y conciliaciones. Agustin Buzzalino abuzzalino@exactas.unlp.edu.ar Dise\u00f1o, atenci\u00f3n al p\u00fablico, administrativo.<\/p>\n","protected":false},"author":3,"featured_media":0,"parent":69,"menu_order":2,"comment_status":"closed","ping_status":"closed","template":"","meta":{"footnotes":""},"class_list":["post-75","page","type-page","status-publish"],"_links":{"self":[{"href":"https:\/\/fundacion.exactas.unlp.edu.ar\/index.php\/wp-json\/wp\/v2\/pages\/75","targetHints":{"allow":["GET"]}}],"collection":[{"href":"https:\/\/fundacion.exactas.unlp.edu.ar\/index.php\/wp-json\/wp\/v2\/pages"}],"about":[{"href":"https:\/\/fundacion.exactas.unlp.edu.ar\/index.php\/wp-json\/wp\/v2\/types\/page"}],"author":[{"embeddable":true,"href":"https:\/\/fundacion.exactas.unlp.edu.ar\/index.php\/wp-json\/wp\/v2\/users\/3"}],"replies":[{"embeddable":true,"href":"https:\/\/fundacion.exactas.unlp.edu.ar\/index.php\/wp-json\/wp\/v2\/comments?post=75"}],"version-history":[{"count":16,"href":"https:\/\/fundacion.exactas.unlp.edu.ar\/index.php\/wp-json\/wp\/v2\/pages\/75\/revisions"}],"predecessor-version":[{"id":858,"href":"https:\/\/fundacion.exactas.unlp.edu.ar\/index.php\/wp-json\/wp\/v2\/pages\/75\/revisions\/858"}],"up":[{"embeddable":true,"href":"https:\/\/fundacion.exactas.unlp.edu.ar\/index.php\/wp-json\/wp\/v2\/pages\/69"}],"wp:attachment":[{"href":"https:\/\/fundacion.exactas.unlp.edu.ar\/index.php\/wp-json\/wp\/v2\/media?parent=75"}],"curies":[{"name":"wp","href":"https:\/\/api.w.org\/{rel}","templated":true}]}}