{"id":79,"date":"2022-08-03T21:53:54","date_gmt":"2022-08-04T00:53:54","guid":{"rendered":"https:\/\/fundacion.exactas.unlp.edu.ar\/?page_id=79"},"modified":"2023-04-12T12:34:34","modified_gmt":"2023-04-12T15:34:34","slug":"proyectos-nacionales","status":"publish","type":"page","link":"https:\/\/fundacion.exactas.unlp.edu.ar\/index.php\/gestion\/proyectos-nacionales\/","title":{"rendered":"Proyectos Nacionales"},"content":{"rendered":"\n<p><strong>PROYECTOS DE INVESTIGACI\u00d3N CIENT\u00cdFICA Y TECNOL\u00d3GICA<\/strong><br><br>PICT CONICET <\/p>\n\n\n\n<p>PICT UNLP<\/p>\n\n\n\n<p>PICT CIC<\/p>\n\n\n\n<p>PICT UTN<br><br>PICTO<\/p>\n\n\n\n<p><i class=\"fas fa-book\"><\/i> <a href=\"https:\/\/fundacion.exactas.unlp.edu.ar\/wp-content\/uploads\/2022\/11\/PICT-PICTO-MANUAL-DE-OPERACIONES.pdf\">&nbsp;PICT-PICTO- MANUAL DE OPERACIONES<\/a><\/p>\n\n\n\n<p><i class=\"fas fa-book\"><\/i> <a rel=\"noreferrer noopener\" href=\"https:\/\/fundacion.exactas.unlp.edu.ar\/wp-content\/uploads\/2022\/11\/formulario_informes_tecnicos_de_proyectos_2022-06.doc\" data-type=\"attachment\" data-id=\"351\" target=\"_blank\">FORMULA<\/a><a rel=\"noreferrer noopener\" href=\"https:\/\/fundacion.exactas.unlp.edu.ar\/wp-content\/uploads\/2022\/11\/formulario_informes_tecnicos_de_proyectos_2022-06.doc\" data-type=\"attachment\" data-id=\"351\" target=\"_blank\">R<\/a><a rel=\"noreferrer noopener\" href=\"https:\/\/fundacion.exactas.unlp.edu.ar\/wp-content\/uploads\/2022\/11\/formulario_informes_tecnicos_de_proyectos_2022-06.doc\" data-type=\"attachment\" data-id=\"351\" target=\"_blank\">I<\/a><a href=\"https:\/\/fundacion.exactas.unlp.edu.ar\/wp-content\/uploads\/2022\/11\/formulario_informes_tecnicos_de_proyectos_2022-06.doc\" data-type=\"attachment\" data-id=\"351\" target=\"_blank\" rel=\"noreferrer noopener\">O<\/a><a rel=\"noreferrer noopener\" href=\"https:\/\/fundacion.exactas.unlp.edu.ar\/wp-content\/uploads\/2022\/11\/formulario_informes_tecnicos_de_proyectos_2022-06.doc\" data-type=\"attachment\" data-id=\"351\" target=\"_blank\"> INFORME TECNICO AVANZADO<\/a><a href=\"https:\/\/fundacion.exactas.unlp.edu.ar\/wp-content\/uploads\/2022\/11\/PICT-PICTO-MANUAL-DE-OPERACIONES.pdf\"><\/a><\/p>\n\n\n\n<p>PICT StartUp CONICET<\/p>\n\n\n\n<p>PICT StartUp UNLP<\/p>\n\n\n\n<p><a href=\"https:\/\/fundacion.exactas.unlp.edu.ar\/wp-content\/uploads\/2022\/11\/PICT-Start-Up-MANUAL-DE-OPERACIONES-2022.pdf\"><\/a><i class=\"fas fa-book\"><\/i><a href=\"https:\/\/fundacion.exactas.unlp.edu.ar\/wp-content\/uploads\/2022\/11\/PICT-Start-Up-MANUAL-DE-OPERACIONES-2022.pdf\">&nbsp;PICT Start Up \u2013 MANUAL DE OPERACIONES<\/a><\/p>\n\n\n\n<p><i class=\"fas fa-book\"><\/i> <a rel=\"noreferrer noopener\" href=\"https:\/\/fundacion.exactas.unlp.edu.ar\/wp-content\/uploads\/2022\/11\/ita1-pict-startup_0-2.doc\" data-type=\"attachment\" data-id=\"352\" target=\"_blank\">FORMULARIO INFORME T\u00c9CNICO AVANZADO STARTUP 1<\/a><\/p>\n\n\n\n<p><i class=\"fas fa-book\"><\/i> <a href=\"https:\/\/fundacion.exactas.unlp.edu.ar\/wp-content\/uploads\/2022\/11\/ita2-pict-startup_0.doc\" data-type=\"attachment\" data-id=\"353\" target=\"_blank\" rel=\"noreferrer noopener\">FORMULARIO INFORME T\u00c9CNICO AVANZADO STARTUP 2<\/a><\/p>\n\n\n\n<p><i class=\"fas fa-book\"><\/i> <a href=\"https:\/\/fundacion.exactas.unlp.edu.ar\/wp-content\/uploads\/2022\/11\/ictf-pictstartup_0-2.doc\" data-type=\"attachment\" data-id=\"354\" target=\"_blank\" rel=\"noreferrer noopener\">FORMULARIO INFORME T\u00c9CNICO AVANZADO STARTUP FINAL<\/a><\/p>\n\n\n\n<p><a href=\"https:\/\/fundacion.exactas.unlp.edu.ar\/wp-content\/uploads\/2022\/11\/PICT-Start-Up-MANUAL-DE-OPERACIONES-2022.pdf\"><\/a><\/p>\n\n\n\n<p><br><i class=\"fas fa-arrow-right\"><\/i> PICT APLICADOS 2022 CONICET \u2013 UNLP<\/p>\n\n\n\n<p><i class=\"fas fa-book\"><\/i><a href=\"https:\/\/fundacion.exactas.unlp.edu.ar\/wp-content\/uploads\/2022\/11\/PICT-APLICADOS-Manual-700-8136-22-Res-1599-22-Ad-Ref-y-Anexo.pdf\">&nbsp;PICT APLICADOS- MANUAL DE OPERACIONES<\/a><a href=\"https:\/\/fundacion.exactas.unlp.edu.ar\/wp-content\/uploads\/2022\/11\/PICT-APLICADOS-Manual-700-8136-22-Res-1599-22-Ad-Ref-y-Anexo.pdf\"><\/a><\/p>\n\n\n\n<p><strong>CONVENIO<\/strong><\/p>\n\n\n\n<p><i class=\"fas fa-arrow-right\"><\/i> CIC<a href=\"https:\/\/fundacion.exactas.unlp.edu.ar\/wp-content\/uploads\/2022\/11\/CIC-Manual-Unico-Rendicion-de-Subsidios-1.pdf\"><\/a><\/p>\n\n\n\n<p><i class=\"fas fa-book\"><\/i><a href=\"https:\/\/fundacion.exactas.unlp.edu.ar\/wp-content\/uploads\/2022\/11\/CIC-Manual-Unico-Rendicion-de-Subsidios.pdf\" data-type=\"attachment\" data-id=\"286\">&nbsp;CIC \u2013 MANUAL DE OPERACIONES<\/a><\/p>\n\n\n\n<p><i class=\"fas fa-arrow-right\"><\/i> Ciencia y Tecnolog\u00eda contra el Hambre<\/p>\n\n\n\n<p><a href=\"https:\/\/fundacion.exactas.unlp.edu.ar\/wp-content\/uploads\/2022\/11\/CyT-Hambre-Manual-CyT-contra-el-Hambre-AGOSTO-2021.pdf\"><\/a><a href=\"https:\/\/fundacion.exactas.unlp.edu.ar\/wp-content\/uploads\/2022\/11\/PICT-Start-Up-MANUAL-DE-OPERACIONES-2022.pdf\"><\/a><i class=\"fas fa-book\"><\/i><a href=\"https:\/\/fundacion.exactas.unlp.edu.ar\/wp-content\/uploads\/2022\/11\/CyT-Hambre-Manual-CyT-contra-el-Hambre-AGOSTO-2021.pdf\" data-type=\"attachment\" data-id=\"288\">&nbsp;CyT Hambre \u2013 MANUAL DE OPERACIONES<\/a><a href=\"https:\/\/fundacion.exactas.unlp.edu.ar\/wp-content\/uploads\/2022\/11\/CyT-Hambre-Manual-CyT-contra-el-Hambre-AGOSTO-2021.pdf\"><\/a><\/p>\n\n\n\n<p><br><i class=\"fas fa-arrow-right\"><\/i> Pampa Azul<\/p>\n\n\n\n<p><i class=\"fas fa-book\"><\/i> <a href=\"https:\/\/fundacion.exactas.unlp.edu.ar\/wp-content\/uploads\/2022\/11\/PAMPA-AZUL-MANUAL-GASTOS-PROYECTOS-PA.pdf\">PAMPA AZUL- MANUAL DE OPERACIONES<\/a><a href=\"https:\/\/fundacion.exactas.unlp.edu.ar\/wp-content\/uploads\/2022\/11\/PAMPA-AZUL-MANUAL-GASTOS-PROYECTOS-PA.pdf\"><\/a><\/p>\n\n\n\n<p><i class=\"fas fa-arrow-right\"><\/i> PID<\/p>\n\n\n\n<p><a href=\"https:\/\/fundacion.exactas.unlp.edu.ar\/wp-content\/uploads\/2022\/11\/PID-mao_pid-pidc_mayo_19.pdf\"><\/a><a href=\"https:\/\/fundacion.exactas.unlp.edu.ar\/wp-content\/uploads\/2022\/11\/PICT-Start-Up-MANUAL-DE-OPERACIONES-2022.pdf\"><\/a><i class=\"fas fa-book\"><\/i><a href=\"https:\/\/fundacion.exactas.unlp.edu.ar\/wp-content\/uploads\/2022\/11\/PID-mao_pid-pidc_mayo_19.pdf\" data-type=\"attachment\" data-id=\"294\">&nbsp;PID- MANUAL DE OPERACIONES<\/a><a href=\"https:\/\/fundacion.exactas.unlp.edu.ar\/wp-content\/uploads\/2022\/11\/PID-mao_pid-pidc_mayo_19.pdf\"><\/a><\/p>\n\n\n\n<p><br><i class=\"fas fa-arrow-right\"><\/i> IMPACTAR<\/p>\n\n\n\n<p><a href=\"https:\/\/fundacion.exactas.unlp.edu.ar\/wp-content\/uploads\/2022\/11\/IMPACTAR-Instructivo-de-Uso-y-Rendicion-de-Fondos-2022.pdf\"><\/a><a href=\"https:\/\/fundacion.exactas.unlp.edu.ar\/wp-content\/uploads\/2022\/11\/PICT-Start-Up-MANUAL-DE-OPERACIONES-2022.pdf\"><\/a><i class=\"fas fa-book\"><\/i><a href=\"https:\/\/fundacion.exactas.unlp.edu.ar\/wp-content\/uploads\/2022\/11\/IMPACTAR-Instructivo-de-Uso-y-Rendicion-de-Fondos-2022.pdf\" data-type=\"attachment\" data-id=\"289\">&nbsp;IMPACTAR \u2013 MANUAL DE OPERACIONES<\/a><a href=\"https:\/\/fundacion.exactas.unlp.edu.ar\/wp-content\/uploads\/2022\/11\/IMPACTAR-Instructivo-de-Uso-y-Rendicion-de-Fondos-2022.pdf\"><\/a><\/p>\n\n\n\n<p><br><i class=\"fas fa-arrow-right\"><\/i> PTIS<\/p>\n\n\n\n<p><a href=\"https:\/\/fundacion.exactas.unlp.edu.ar\/wp-content\/uploads\/2022\/11\/PTIS-SSPCyT-PNTIS-Manual-para-la-Administracion-2021-APROBADO-1.pdf\"><\/a><a href=\"https:\/\/fundacion.exactas.unlp.edu.ar\/wp-content\/uploads\/2022\/11\/PICT-Start-Up-MANUAL-DE-OPERACIONES-2022.pdf\"><\/a>&nbsp;<i class=\"fas fa-book\"><\/i> <a href=\"https:\/\/fundacion.exactas.unlp.edu.ar\/?page_id=302\" data-type=\"page\" data-id=\"302\">PTIS- MANUAL DE OPERACIONES<\/a><a href=\"https:\/\/fundacion.exactas.unlp.edu.ar\/wp-content\/uploads\/2022\/11\/PTIS-SSPCyT-PNTIS-Manual-para-la-Administracion-2021-APROBADO-1.pdf\"><\/a><\/p>\n\n\n\n<p><br><i class=\"fas fa-arrow-right\"><\/i> PITES<\/p>\n\n\n\n<p><a href=\"https:\/\/fundacion.exactas.unlp.edu.ar\/wp-content\/uploads\/2022\/11\/PITES-ANEXOS-MANUAL-DE-PROCEDIMIENTOS.pdf\"><\/a><a href=\"https:\/\/fundacion.exactas.unlp.edu.ar\/wp-content\/uploads\/2022\/11\/PICT-Start-Up-MANUAL-DE-OPERACIONES-2022.pdf\"><\/a><i class=\"fas fa-book\"><\/i><a href=\"https:\/\/fundacion.exactas.unlp.edu.ar\/wp-content\/uploads\/2022\/11\/PITES-ANEXOS-MANUAL-DE-PROCEDIMIENTOS.pdf\" data-type=\"attachment\" data-id=\"295\">&nbsp;PITES \u2013 MANUAL DE OPERACIONES<\/a><\/p>\n","protected":false},"excerpt":{"rendered":"<p>PROYECTOS DE INVESTIGACI\u00d3N CIENT\u00cdFICA Y TECNOL\u00d3GICA PICT CONICET PICT UNLP PICT CIC PICT UTN PICTO &nbsp;PICT-PICTO- MANUAL DE OPERACIONES FORMULARIO INFORME TECNICO AVANZADO PICT StartUp CONICET PICT StartUp UNLP &nbsp;PICT Start Up \u2013 MANUAL DE OPERACIONES FORMULARIO INFORME T\u00c9CNICO AVANZADO STARTUP 1 FORMULARIO INFORME T\u00c9CNICO AVANZADO STARTUP 2 FORMULARIO INFORME T\u00c9CNICO AVANZADO STARTUP FINAL PICT &#8230; <a title=\"Proyectos Nacionales\" class=\"read-more\" href=\"https:\/\/fundacion.exactas.unlp.edu.ar\/index.php\/gestion\/proyectos-nacionales\/\" aria-label=\"Leer m\u00e1s sobre Proyectos Nacionales\">Leer m\u00e1s<\/a><\/p>\n","protected":false},"author":3,"featured_media":0,"parent":77,"menu_order":0,"comment_status":"closed","ping_status":"closed","template":"","meta":{"footnotes":""},"class_list":["post-79","page","type-page","status-publish"],"_links":{"self":[{"href":"https:\/\/fundacion.exactas.unlp.edu.ar\/index.php\/wp-json\/wp\/v2\/pages\/79","targetHints":{"allow":["GET"]}}],"collection":[{"href":"https:\/\/fundacion.exactas.unlp.edu.ar\/index.php\/wp-json\/wp\/v2\/pages"}],"about":[{"href":"https:\/\/fundacion.exactas.unlp.edu.ar\/index.php\/wp-json\/wp\/v2\/types\/page"}],"author":[{"embeddable":true,"href":"https:\/\/fundacion.exactas.unlp.edu.ar\/index.php\/wp-json\/wp\/v2\/users\/3"}],"replies":[{"embeddable":true,"href":"https:\/\/fundacion.exactas.unlp.edu.ar\/index.php\/wp-json\/wp\/v2\/comments?post=79"}],"version-history":[{"count":13,"href":"https:\/\/fundacion.exactas.unlp.edu.ar\/index.php\/wp-json\/wp\/v2\/pages\/79\/revisions"}],"predecessor-version":[{"id":410,"href":"https:\/\/fundacion.exactas.unlp.edu.ar\/index.php\/wp-json\/wp\/v2\/pages\/79\/revisions\/410"}],"up":[{"embeddable":true,"href":"https:\/\/fundacion.exactas.unlp.edu.ar\/index.php\/wp-json\/wp\/v2\/pages\/77"}],"wp:attachment":[{"href":"https:\/\/fundacion.exactas.unlp.edu.ar\/index.php\/wp-json\/wp\/v2\/media?parent=79"}],"curies":[{"name":"wp","href":"https:\/\/api.w.org\/{rel}","templated":true}]}}