{"id":83,"date":"2022-08-03T21:54:56","date_gmt":"2022-08-04T00:54:56","guid":{"rendered":"https:\/\/fundacion.exactas.unlp.edu.ar\/?page_id=83"},"modified":"2024-10-01T11:50:43","modified_gmt":"2024-10-01T14:50:43","slug":"becas-agencia","status":"publish","type":"page","link":"https:\/\/fundacion.exactas.unlp.edu.ar\/index.php\/gestion\/becas-agencia\/","title":{"rendered":"Becas Agencia"},"content":{"rendered":"\n<p><i class=\"fas fa-arrow-right\"><\/i> <strong>REGLAMENTO DE BECAS<\/strong> <a href=\"https:\/\/www.argentina.gob.ar\/sites\/default\/files\/2021\/08\/reglamento_de_becas_2023_agencia_idi-actualizacion_11-2023.pdf\" data-type=\"attachment\" data-id=\"312\"><i class=\"fas fa-book\"><\/i><\/a><\/p>\n\n\n\n<p><i class=\"fas fa-arrow-right\"><\/i> <strong>DOCUMENTACI\u00d3N A PRESENTAR PARA DAR DE ALTA UNA BECA <\/strong><\/p>\n\n\n\n<ul class=\"wp-block-list\">\n<li>Listado <a href=\"https:\/\/fundacion.exactas.unlp.edu.ar\/wp-content\/uploads\/2022\/11\/1-Documentacion-para-becas.doc\" data-type=\"attachment\" data-id=\"307\"><i class=\"fas fa-folder\"><\/i><\/a><\/li>\n\n\n\n<li>Acta para concurso <a href=\"https:\/\/fundacion.exactas.unlp.edu.ar\/wp-content\/uploads\/2022\/11\/2-Acta-para-concurso-de-Beca-Anexo-I.doc\" data-type=\"attachment\" data-id=\"308\"><i class=\"fas fa-folder\"><\/i><\/a><\/li>\n\n\n\n<li>Curriculum Vitae <a href=\"https:\/\/fundacion.exactas.unlp.edu.ar\/wp-content\/uploads\/2022\/11\/3-Curriculum-Vitae-que-pide-la-Agencia.doc\" data-type=\"attachment\" data-id=\"309\"><i class=\"fas fa-folder\"><\/i><\/a><\/li>\n\n\n\n<li>Formulario de alta cuenta BNA <a href=\"https:\/\/fundacion.exactas.unlp.edu.ar\/wp-content\/uploads\/2022\/11\/4-Formulario_alta_de_cuenta_bna_-_descripcion_de_campos-Anexo-II.xlsx\" data-type=\"attachment\" data-id=\"310\"><i class=\"fas fa-folder\"><\/i><\/a><\/li>\n\n\n\n<li>Nota conocimiento de reglamento<a href=\"https:\/\/fundacion.exactas.unlp.edu.ar\/wp-content\/uploads\/2022\/11\/5-Conocimiento-de-reglamento.doc\" data-type=\"attachment\" data-id=\"311\"> <i class=\"fas fa-folder\"><\/i><\/a><\/li>\n\n\n\n<li><a href=\"https:\/\/www.argentina.gob.ar\/ciencia\/agencia\/fondo-para-la-investigacion-cientifica-y-tecnologica-foncyt\/llamado-concurso\">Link para realizar el llamado a concurso<\/a><\/li>\n<\/ul>\n\n\n\n<p>Una vez que se elige al becario, se deben enviar todos los archivos por separado al siguiente email: <\/p>\n\n\n\n<p><i class=\"fas fa-inbox\"><\/i> subs-silvia@biol.unlp.edu.ar <br><i class=\"fas fa-user\"><\/i> Silvia Moya<\/p>\n\n\n\n<p><i class=\"fas fa-info\"><\/i> IMPORTANTE: No puede seleccionarse un postulante de alg\u00fan pa\u00eds no miembro del BID<\/p>\n\n\n\n<p><i class=\"fas fa-arrow-right\"><\/i>  <strong>TIPOS DE BECAS <\/strong><\/p>\n\n\n\n<p><strong>Becas Iniciales<\/strong><\/p>\n\n\n\n<p>Duraci\u00f3n: 3 a\u00f1os (m\u00ednimo 2 a\u00f1os)<\/p>\n\n\n\n<p>Inician entre el 01\/11\/2024 y el 01\/04\/2025.<\/p>\n\n\n\n<p><strong>Becas Superiores<\/strong><\/p>\n\n\n\n<p>Duraci\u00f3n: 2 a\u00f1os (m\u00ednimo 1 a\u00f1o)<\/p>\n\n\n\n<p>Pueden iniciar en cualquier momento, pero la beca debe quedar encuadrada dentro de la ejecuci\u00f3n normal del PICT.<\/p>\n\n\n\n<p>Las becas son compatibles \u00fanicamente con un cargo de dedicaci\u00f3n simple<\/p>\n\n\n\n<p><i class=\"fas fa-arrow-right\"><\/i> <strong>MONTO DE ESTIPENDIOS<\/strong> <\/p>\n\n\n\n<div class=\"wp-block-file\"><a id=\"wp-block-file--media-00526b19-bbb9-4377-a964-cd785bda2147\" href=\"https:\/\/fundacion.exactas.unlp.edu.ar\/wp-content\/uploads\/2024\/10\/Aumentos-marzo-abril-mayo-junio.xlsx\">Aumentos marzo-abril-mayo-junio<\/a><a href=\"https:\/\/fundacion.exactas.unlp.edu.ar\/wp-content\/uploads\/2024\/10\/Aumentos-marzo-abril-mayo-junio.xlsx\" class=\"wp-block-file__button wp-element-button\" download aria-describedby=\"wp-block-file--media-00526b19-bbb9-4377-a964-cd785bda2147\">Download<\/a><\/div>\n\n\n\n<p><\/p>\n\n\n\n<p><i class=\"fas fa-arrow-right\"><\/i> <strong>OBRA SOCIAL <\/strong><\/p>\n\n\n\n<p>Se otorga &#8220;Uni\u00f3n Personal&#8221; <\/p>\n\n\n\n<p>El alta est\u00e1 a cargo FONCyT.<\/p>\n\n\n\n<p>Contacto:&nbsp;<a href=\"mailto:afiliaciones@unionpersonal.com.ar\">afiliaciones@unionpersonal.com.ar<\/a><\/p>\n\n\n\n<p><i class=\"fas fa-arrow-right\"><\/i> <strong>ART y designaci\u00f3n<\/strong><\/p>\n\n\n\n<p>La instituci\u00f3n beneficiaria se hace cargo de la ART<\/p>\n","protected":false},"excerpt":{"rendered":"<p>REGLAMENTO DE BECAS DOCUMENTACI\u00d3N A PRESENTAR PARA DAR DE ALTA UNA BECA Una vez que se elige al becario, se deben enviar todos los archivos por separado al siguiente email: subs-silvia@biol.unlp.edu.ar Silvia Moya IMPORTANTE: No puede seleccionarse un postulante de alg\u00fan pa\u00eds no miembro del BID TIPOS DE BECAS Becas Iniciales Duraci\u00f3n: 3 a\u00f1os (m\u00ednimo &#8230; <a title=\"Becas Agencia\" class=\"read-more\" href=\"https:\/\/fundacion.exactas.unlp.edu.ar\/index.php\/gestion\/becas-agencia\/\" aria-label=\"Leer m\u00e1s sobre Becas Agencia\">Leer m\u00e1s<\/a><\/p>\n","protected":false},"author":3,"featured_media":0,"parent":77,"menu_order":2,"comment_status":"closed","ping_status":"closed","template":"","meta":{"footnotes":""},"class_list":["post-83","page","type-page","status-publish"],"_links":{"self":[{"href":"https:\/\/fundacion.exactas.unlp.edu.ar\/index.php\/wp-json\/wp\/v2\/pages\/83","targetHints":{"allow":["GET"]}}],"collection":[{"href":"https:\/\/fundacion.exactas.unlp.edu.ar\/index.php\/wp-json\/wp\/v2\/pages"}],"about":[{"href":"https:\/\/fundacion.exactas.unlp.edu.ar\/index.php\/wp-json\/wp\/v2\/types\/page"}],"author":[{"embeddable":true,"href":"https:\/\/fundacion.exactas.unlp.edu.ar\/index.php\/wp-json\/wp\/v2\/users\/3"}],"replies":[{"embeddable":true,"href":"https:\/\/fundacion.exactas.unlp.edu.ar\/index.php\/wp-json\/wp\/v2\/comments?post=83"}],"version-history":[{"count":22,"href":"https:\/\/fundacion.exactas.unlp.edu.ar\/index.php\/wp-json\/wp\/v2\/pages\/83\/revisions"}],"predecessor-version":[{"id":715,"href":"https:\/\/fundacion.exactas.unlp.edu.ar\/index.php\/wp-json\/wp\/v2\/pages\/83\/revisions\/715"}],"up":[{"embeddable":true,"href":"https:\/\/fundacion.exactas.unlp.edu.ar\/index.php\/wp-json\/wp\/v2\/pages\/77"}],"wp:attachment":[{"href":"https:\/\/fundacion.exactas.unlp.edu.ar\/index.php\/wp-json\/wp\/v2\/media?parent=83"}],"curies":[{"name":"wp","href":"https:\/\/api.w.org\/{rel}","templated":true}]}}