{"id":85,"date":"2022-08-03T21:55:27","date_gmt":"2022-08-04T00:55:27","guid":{"rendered":"https:\/\/fundacion.exactas.unlp.edu.ar\/?page_id=85"},"modified":"2025-03-13T08:46:25","modified_gmt":"2025-03-13T11:46:25","slug":"tramites","status":"publish","type":"page","link":"https:\/\/fundacion.exactas.unlp.edu.ar\/index.php\/tramites\/","title":{"rendered":"Tr\u00e1mites"},"content":{"rendered":"\n<p class=\"has-medium-font-size\"><strong>PROYECTOS <\/strong><\/p>\n\n\n\n<p>La fecha de inicio de los proyectos que integran las respectivas convocatorias ser\u00e1 a partir de la fecha del primer desembolso. Desde este momento se puede iniciar con la utilizaci\u00f3n de fondos del PICT.<\/p>\n\n\n\n<p class=\"has-medium-font-size\"><strong>RUBROS<\/strong><\/p>\n\n\n\n<p><a href=\"https:\/\/fundacion.exactas.unlp.edu.ar\/wp-content\/uploads\/2022\/11\/Bibliografia.pdf\" data-type=\"attachment\" data-id=\"346\" target=\"_blank\" rel=\"noreferrer noopener\">Bibliograf\u00eda<\/a><\/p>\n\n\n\n<p><a href=\"https:\/\/fundacion.exactas.unlp.edu.ar\/wp-content\/uploads\/2023\/05\/Equipamiento-1.pdf\" data-type=\"attachment\" target=\"_blank\" rel=\"noreferrer noopener\">Equipamiento<\/a><\/p>\n\n\n\n<p><a href=\"https:\/\/fundacion.exactas.unlp.edu.ar\/wp-content\/uploads\/2022\/11\/Insumos.pdf\" data-type=\"attachment\" data-id=\"344\" target=\"_blank\" rel=\"noreferrer noopener\">Insumos<\/a><\/p>\n\n\n\n<p><a href=\"https:\/\/fundacion.exactas.unlp.edu.ar\/wp-content\/uploads\/2022\/11\/Publicaciones.pdf\" data-type=\"attachment\" data-id=\"343\" target=\"_blank\" rel=\"noreferrer noopener\">Publicaciones<\/a><\/p>\n\n\n\n<p><a href=\"https:\/\/fundacion.exactas.unlp.edu.ar\/wp-content\/uploads\/2023\/04\/Servicios_2023.pdf\" data-type=\"attachment\" target=\"_blank\" rel=\"noreferrer noopener\">Servicios<\/a><\/p>\n\n\n\n<p><a href=\"https:\/\/fundacion.exactas.unlp.edu.ar\/wp-content\/uploads\/2023\/05\/Viajes-y-viaticos.pdf\" data-type=\"attachment\" target=\"_blank\" rel=\"noreferrer noopener\">Viajes y vi\u00e1ticos<\/a><\/p>\n\n\n\n<div class=\"wp-block-file font-size: 30px\"><a id=\"wp-block-file--media-5ca2cd3f-b37e-47ec-88e6-41e4adaace60\" href=\"https:\/\/fundacion.exactas.unlp.edu.ar\/wp-content\/uploads\/2022\/10\/Planilla-Viaticos-PICT.xls\">Planilla Viaticos PICT<\/a><a href=\"https:\/\/fundacion.exactas.unlp.edu.ar\/wp-content\/uploads\/2022\/10\/Planilla-Viaticos-PICT.xls\" class=\"wp-block-file__button wp-element-button\" download aria-describedby=\"wp-block-file--media-5ca2cd3f-b37e-47ec-88e6-41e4adaace60\">Download<\/a><\/div>\n\n\n\n<div class=\"wp-block-file\"><a id=\"wp-block-file--media-f3a7af1f-4c0f-4321-bcf8-a8300af399e7\" href=\"https:\/\/fundacion.exactas.unlp.edu.ar\/wp-content\/uploads\/2025\/03\/Escala-de-viaticos-Agosto-2024.xlsx\">Escala de vi\u00e1ticos Agosto 2024<\/a><a href=\"https:\/\/fundacion.exactas.unlp.edu.ar\/wp-content\/uploads\/2025\/03\/Escala-de-viaticos-Agosto-2024.xlsx\" class=\"wp-block-file__button wp-element-button\" download aria-describedby=\"wp-block-file--media-f3a7af1f-4c0f-4321-bcf8-a8300af399e7\">Download<\/a><\/div>\n\n\n\n<hr class=\"wp-block-separator has-alpha-channel-opacity\"\/>\n\n\n\n<p class=\"has-medium-font-size\"><strong>COMO HACER LAS FACTURAS<\/strong><\/p>\n\n\n\n<p>En la aclaraci\u00f3n de c\u00f3mo hacer las facturas (B o C), aclarar la <strong>instituci\u00f3n beneficiaria del PICT del investigador<\/strong>. Las facturas deben solicitarse a nombre de la instituci\u00f3n beneficiaria (CONICET, UNLP, CIC BA o UTN) <strong>aclarando el CUIT e IVA exento<\/strong>. Adem\u00e1s, a continuaci\u00f3n, en el cuerpo o al pie de la factura, el nombre del IR, pr\u00e9stamo BID, PICT XXXX-XXXX (a\u00f1o \u2013 N\u00ba proyecto) el a\u00f1o forma parte del n\u00famero, por lo tanto, no lo saquen. <strong>Ejemplo<\/strong>: Agust\u00edn Buzzalino, pr\u00e9stamo BID, PICT 2021-2222.<\/p>\n\n\n\n<p><a href=\"https:\/\/fundacion.exactas.unlp.edu.ar\/wp-content\/uploads\/2022\/11\/GASTOS-QUE-NO-SE-PUEDEN-REALIZAR.pdf\" data-type=\"attachment\" data-id=\"340\" target=\"_blank\" rel=\"noreferrer noopener\">Gastos que no se pueden realizar<\/a><\/p>\n\n\n\n<hr class=\"wp-block-separator has-alpha-channel-opacity\"\/>\n\n\n\n<p style=\"font-size:0px\"><strong>PAGOS AL EXTERIOR<\/strong><\/p>\n\n\n\n<p class=\"has-medium-font-size\"><strong>PARA PAGOS AL EXTERIOR<\/strong><\/p>\n\n\n\n<p>Para pagos al exterior deben comunicarse directamente con Paola v\u00eda mail escribiendo a <strong>pcardenas@exactas.unlp.edu.ar<\/strong> ya que var\u00eda seg\u00fan el caso, que se quiera comprar y el monto.<\/p>\n\n\n\n<p><\/p>\n\n\n\n<hr class=\"wp-block-separator has-alpha-channel-opacity\"\/>\n\n\n\n<p class=\"has-medium-font-size\"><strong>CONCURSO DE PRECIOS<\/strong><\/p>\n\n\n\n<p>En caso de que un equipo supere los U$D 5.000 se deber\u00eda arma un concurso de precios.<\/p>\n\n\n\n<p>Para el armado del concurso de precios se necesita lo siguiente:<\/p>\n\n\n\n<p>1. Nombre del equipo.<\/p>\n\n\n\n<p>2. Especificaciones t\u00e9cnicas.<\/p>\n\n\n\n<p>3. Precio estimado de mercado.<\/p>\n\n\n\n<p>4. Informaci\u00f3n de c\u00f3mo m\u00ednimo 3 empresas a las cuales se les va a mandar invitaci\u00f3n a cotizar (debe figurar el nombre completo, direcci\u00f3n postal, e-mail, tel\u00e9fono). Cuantas m\u00e1s empresas se inviten m\u00e1s probabilidades hay de que el concurso sea exitoso. Debe haber como m\u00ednimo tres ofertas comparables para que el concurso sea v\u00e1lido.<\/p>\n\n\n\n<p>5. Condici\u00f3n de la cotizaci\u00f3n (CIF o precio en plaza). Si es CIF luego tenemos que despachar el equipamiento, ya que viene de afuera, y hay que pagar los gastos de despacho y hacer el ROECyT. Si es Nacionalizado Iva Incluido, solamente se paga con la factura y no hay que hacer despacho.<\/p>\n\n\n\n<p>Ante cualquier duda comunicarse con <strong>ederosa@exactas.unlp.edu.ar<\/strong><\/p>\n\n\n\n<hr class=\"wp-block-separator has-alpha-channel-opacity\"\/>\n\n\n\n<p class=\"has-medium-font-size\"><strong>COMPRA DIRECTA<\/strong><\/p>\n\n\n\n<p>La compra directa se solicita en caso de un equipo sea \u00fanico a nivel mundial. Se deber\u00e1 completar el siguiente <a href=\"https:\/\/fundacion.exactas.unlp.edu.ar\/wp-content\/uploads\/2023\/05\/DD-JJ-COMPRA-EQUIPAMIENTO-Compra-Directa-BID.doc\">formulario<\/a> y enviarlo a <strong>fundacion@exactas.unlp.edu.ar<\/strong> junto con una proforma y carta de exclusividad de la empresa.<\/p>\n\n\n\n<hr class=\"wp-block-separator has-alpha-channel-opacity\"\/>\n\n\n\n<p class=\"has-medium-font-size\"><strong>ITAS PICT Start Up<\/strong><\/p>\n\n\n\n<div class=\"wp-block-file\"><a id=\"wp-block-file--media-86139b87-40da-4145-8e65-53fb27273320\" href=\"https:\/\/fundacion.exactas.unlp.edu.ar\/wp-content\/uploads\/2023\/12\/Formulario-ITA-2023-PICT-Start-Up-25-8-23.doc\">Formulario-ITA-2023-PICT-Start-Up-25-8-23<\/a><a href=\"https:\/\/fundacion.exactas.unlp.edu.ar\/wp-content\/uploads\/2023\/12\/Formulario-ITA-2023-PICT-Start-Up-25-8-23.doc\" class=\"wp-block-file__button wp-element-button\" download aria-describedby=\"wp-block-file--media-86139b87-40da-4145-8e65-53fb27273320\">Descarga<\/a><\/div>\n\n\n\n<div class=\"wp-block-file\"><a id=\"wp-block-file--media-b0898656-83ed-41d5-9569-c4627c590849\" href=\"https:\/\/fundacion.exactas.unlp.edu.ar\/wp-content\/uploads\/2023\/12\/Formulario-ICTF-2023-PICT-Start-Up-25-8-23.doc\">Formulario-ICTF-2023-PICT-Start-Up-25-8-23<\/a><a href=\"https:\/\/fundacion.exactas.unlp.edu.ar\/wp-content\/uploads\/2023\/12\/Formulario-ICTF-2023-PICT-Start-Up-25-8-23.doc\" class=\"wp-block-file__button wp-element-button\" download aria-describedby=\"wp-block-file--media-b0898656-83ed-41d5-9569-c4627c590849\">Descarga<\/a><\/div>\n\n\n\n<hr class=\"wp-block-separator has-alpha-channel-opacity\"\/>\n\n\n\n<p class=\"has-medium-font-size\"><strong>ITAS PICT <\/strong><\/p>\n\n\n\n<p><a href=\"https:\/\/fundacion.exactas.unlp.edu.ar\/wp-content\/uploads\/2024\/09\/formulario_informes_tecnicos_de_proyectos_2022-06.doc\">Formulario ITA\/ICTF PICT<\/a><\/p>\n\n\n\n<hr class=\"wp-block-separator has-alpha-channel-opacity\"\/>\n\n\n\n<p class=\"has-medium-font-size\"><strong>SOLICITUDES DE PAGO<\/strong><\/p>\n\n\n\n<p><i class=\"fas fa-arrow-right\"><\/i> <strong><font style=\"vertical-align: inherit;\"><font style=\"vertical-align: inherit;\">A\u00d1O 2019<\/font><\/font><\/strong><\/p>\n\n\n\n<div class=\"wp-block-file\"><a id=\"wp-block-file--media-1ebcbefc-4c17-4eb0-a4d7-cdb5ee315a42\" href=\"https:\/\/fundacion.exactas.unlp.edu.ar\/wp-content\/uploads\/2024\/10\/Solicitud-de-Pago-PICT-UNLP-2019.doc\">Solicitud de Pago PICT UNLP 2019<\/a><a href=\"https:\/\/fundacion.exactas.unlp.edu.ar\/wp-content\/uploads\/2024\/10\/Solicitud-de-Pago-PICT-UNLP-2019.doc\" class=\"wp-block-file__button wp-element-button\" download aria-describedby=\"wp-block-file--media-1ebcbefc-4c17-4eb0-a4d7-cdb5ee315a42\">Download<\/a><\/div>\n\n\n\n<div class=\"wp-block-file\"><a id=\"wp-block-file--media-8aa4adac-0347-4d29-9be0-bf9a0bea977e\" href=\"https:\/\/fundacion.exactas.unlp.edu.ar\/wp-content\/uploads\/2024\/10\/Solicitud-de-Pago-PICT-CONICET-2019.doc\">Solicitud de Pago PICT CONICET 2019<\/a><a href=\"https:\/\/fundacion.exactas.unlp.edu.ar\/wp-content\/uploads\/2024\/10\/Solicitud-de-Pago-PICT-CONICET-2019.doc\" class=\"wp-block-file__button wp-element-button\" download aria-describedby=\"wp-block-file--media-8aa4adac-0347-4d29-9be0-bf9a0bea977e\">Download<\/a><\/div>\n\n\n\n<p><font style=\"vertical-align: inherit;\"><font style=\"vertical-align: inherit;\"><i class=\"fas fa-arrow-right\"><\/i> <\/font><\/font><strong><font style=\"vertical-align: inherit;\"><font style=\"vertical-align: inherit;\">A\u00d1O 2020<\/font><\/font><\/strong><\/p>\n\n\n\n<div class=\"wp-block-file\"><a id=\"wp-block-file--media-1f161bc8-82bb-4900-8ea3-a10a055261a1\" href=\"https:\/\/fundacion.exactas.unlp.edu.ar\/wp-content\/uploads\/2024\/10\/Solicitud-de-Pago-PICT-UNLP-2020.doc\">Solicitud de Pago PICT UNLP 2020<\/a><a href=\"https:\/\/fundacion.exactas.unlp.edu.ar\/wp-content\/uploads\/2024\/10\/Solicitud-de-Pago-PICT-UNLP-2020.doc\" class=\"wp-block-file__button wp-element-button\" download aria-describedby=\"wp-block-file--media-1f161bc8-82bb-4900-8ea3-a10a055261a1\">Download<\/a><\/div>\n\n\n\n<div class=\"wp-block-file\"><a id=\"wp-block-file--media-9f542f0c-41df-4164-832c-747ab17ce2c1\" href=\"https:\/\/fundacion.exactas.unlp.edu.ar\/wp-content\/uploads\/2024\/10\/Solicitud-de-Pago-PICT-CONICET-2020.doc\">Solicitud de Pago PICT CONICET 2020<\/a><a href=\"https:\/\/fundacion.exactas.unlp.edu.ar\/wp-content\/uploads\/2024\/10\/Solicitud-de-Pago-PICT-CONICET-2020.doc\" class=\"wp-block-file__button wp-element-button\" download aria-describedby=\"wp-block-file--media-9f542f0c-41df-4164-832c-747ab17ce2c1\">Download<\/a><\/div>\n\n\n\n<div class=\"wp-block-file\"><a id=\"wp-block-file--media-5f648739-00de-4148-b697-2301421111de\" href=\"https:\/\/fundacion.exactas.unlp.edu.ar\/wp-content\/uploads\/2024\/10\/Solicitud-de-Pago-PICT-CONICET-2020-Start-Up.doc\">Solicitud de Pago PICT CONICET 2020 Start Up<\/a><a href=\"https:\/\/fundacion.exactas.unlp.edu.ar\/wp-content\/uploads\/2024\/10\/Solicitud-de-Pago-PICT-CONICET-2020-Start-Up.doc\" class=\"wp-block-file__button wp-element-button\" download aria-describedby=\"wp-block-file--media-5f648739-00de-4148-b697-2301421111de\">Download<\/a><\/div>\n\n\n\n<p><\/p>\n\n\n\n<p><\/p>\n\n\n\n<p><i class=\"fas fa-arrow-right\"><\/i> <strong>A\u00d1O 2021<\/strong><\/p>\n\n\n\n<div class=\"wp-block-file\"><a id=\"wp-block-file--media-3aa0387e-d0a9-410e-92cd-c4f479c8c5a8\" href=\"https:\/\/fundacion.exactas.unlp.edu.ar\/wp-content\/uploads\/2024\/10\/Solicitud-de-Pago-PICT-UNLP-2021.doc\">Solicitud de Pago PICT UNLP 2021<\/a><a href=\"https:\/\/fundacion.exactas.unlp.edu.ar\/wp-content\/uploads\/2024\/10\/Solicitud-de-Pago-PICT-UNLP-2021.doc\" class=\"wp-block-file__button wp-element-button\" download aria-describedby=\"wp-block-file--media-3aa0387e-d0a9-410e-92cd-c4f479c8c5a8\">Download<\/a><\/div>\n\n\n\n<div class=\"wp-block-file\"><a id=\"wp-block-file--media-3aa0387e-d0a9-410e-92cd-c4f479c8c5a8\" href=\"https:\/\/fundacion.exactas.unlp.edu.ar\/wp-content\/uploads\/2024\/10\/Solicitud-de-Pago-PICT-UNLP-Aplicado-2021.doc\">Solicitud de Pago PICT UNLP Aplicado 2021<\/a><a href=\"https:\/\/fundacion.exactas.unlp.edu.ar\/wp-content\/uploads\/2024\/10\/Solicitud-de-Pago-PICT-UNLP-Aplicado-2021.doc\" class=\"wp-block-file__button wp-element-button\" download aria-describedby=\"wp-block-file--media-3aa0387e-d0a9-410e-92cd-c4f479c8c5a8\">Download<\/a><\/div>\n\n\n\n<div class=\"wp-block-file\"><a id=\"wp-block-file--media-da9042c6-719f-4356-b759-87db097d1d70\" href=\"https:\/\/fundacion.exactas.unlp.edu.ar\/wp-content\/uploads\/2024\/10\/Solicitud-de-Pago-PICT-CONICET-2021.doc\">Solicitud de Pago PICT CONICET 2021<\/a><a href=\"https:\/\/fundacion.exactas.unlp.edu.ar\/wp-content\/uploads\/2024\/10\/Solicitud-de-Pago-PICT-CONICET-2021.doc\" class=\"wp-block-file__button wp-element-button\" download aria-describedby=\"wp-block-file--media-da9042c6-719f-4356-b759-87db097d1d70\">Download<\/a><\/div>\n\n\n\n<div class=\"wp-block-file\"><a id=\"wp-block-file--media-1d7024de-4f7c-40f0-9ed3-c7a361d53d0e\" href=\"https:\/\/fundacion.exactas.unlp.edu.ar\/wp-content\/uploads\/2024\/10\/Solicitud-de-Pago-PICT-CONICET-2021-Aplicado.doc\">Solicitud de Pago PICT CONICET 2021 Aplicado<\/a><a href=\"https:\/\/fundacion.exactas.unlp.edu.ar\/wp-content\/uploads\/2024\/10\/Solicitud-de-Pago-PICT-CONICET-2021-Aplicado.doc\" class=\"wp-block-file__button wp-element-button\" download aria-describedby=\"wp-block-file--media-1d7024de-4f7c-40f0-9ed3-c7a361d53d0e\">Download<\/a><\/div>\n\n\n\n<p><\/p>\n\n\n\n<p><font style=\"vertical-align: inherit;\"><font style=\"vertical-align: inherit;\"><strong>UNIDADES EJECUTORAS<\/strong><\/font><\/font><\/p>\n\n\n\n<div class=\"wp-block-file\"><a id=\"wp-block-file--media-bb685c1b-22c2-4bd4-aded-ec4ad777a71f\" href=\"https:\/\/fundacion.exactas.unlp.edu.ar\/wp-content\/uploads\/2022\/10\/Solicitud-de-pago-UE-1.doc\">Solicitud de pago UE <\/a><a href=\"https:\/\/fundacion.exactas.unlp.edu.ar\/wp-content\/uploads\/2022\/10\/Solicitud-de-pago-UE-1.doc\" class=\"wp-block-file__button wp-element-button\" download aria-describedby=\"wp-block-file--media-bb685c1b-22c2-4bd4-aded-ec4ad777a71f\">Download<\/a><\/div>\n\n\n\n<hr class=\"wp-block-separator has-alpha-channel-opacity\"\/>\n\n\n\n<p class=\"has-medium-font-size\"><strong>MODELO NOTA REFORMULACI\u00d3N<\/strong> <strong>DE RUBRO<\/strong><\/p>\n\n\n\n<p class=\"has-small-font-size\"><a href=\"https:\/\/fundacion.exactas.unlp.edu.ar\/wp-content\/uploads\/2023\/06\/Modelo_Nota_Ref.docx\">EJEMPLO DE NOTA DE REFORMULACI\u00d3N<\/a><\/p>\n\n\n\n<hr class=\"wp-block-separator has-alpha-channel-opacity\"\/>\n\n\n\n<p class=\"has-medium-font-size\"><strong>CUIT DE LAS INSTITUCIONES BENEFICIARIAS<\/strong><\/p>\n\n\n\n<p>UNLP: 30-54666670-7<\/p>\n\n\n\n<p>CONICET: 30-54666038-5<\/p>\n\n\n\n<p>CIC BA: 30-71550974-8<\/p>\n\n\n\n<p>UTN: 30-54667116-6<\/p>\n","protected":false},"excerpt":{"rendered":"<p>PROYECTOS La fecha de inicio de los proyectos que integran las respectivas convocatorias ser\u00e1 a partir de la fecha del primer desembolso. Desde este momento se puede iniciar con la utilizaci\u00f3n de fondos del PICT. RUBROS Bibliograf\u00eda Equipamiento Insumos Publicaciones Servicios Viajes y vi\u00e1ticos COMO HACER LAS FACTURAS En la aclaraci\u00f3n de c\u00f3mo hacer las &#8230; <a title=\"Tr\u00e1mites\" class=\"read-more\" href=\"https:\/\/fundacion.exactas.unlp.edu.ar\/index.php\/tramites\/\" aria-label=\"Leer m\u00e1s sobre Tr\u00e1mites\">Leer m\u00e1s<\/a><\/p>\n","protected":false},"author":4,"featured_media":0,"parent":0,"menu_order":3,"comment_status":"closed","ping_status":"closed","template":"","meta":{"footnotes":""},"class_list":["post-85","page","type-page","status-publish"],"_links":{"self":[{"href":"https:\/\/fundacion.exactas.unlp.edu.ar\/index.php\/wp-json\/wp\/v2\/pages\/85","targetHints":{"allow":["GET"]}}],"collection":[{"href":"https:\/\/fundacion.exactas.unlp.edu.ar\/index.php\/wp-json\/wp\/v2\/pages"}],"about":[{"href":"https:\/\/fundacion.exactas.unlp.edu.ar\/index.php\/wp-json\/wp\/v2\/types\/page"}],"author":[{"embeddable":true,"href":"https:\/\/fundacion.exactas.unlp.edu.ar\/index.php\/wp-json\/wp\/v2\/users\/4"}],"replies":[{"embeddable":true,"href":"https:\/\/fundacion.exactas.unlp.edu.ar\/index.php\/wp-json\/wp\/v2\/comments?post=85"}],"version-history":[{"count":53,"href":"https:\/\/fundacion.exactas.unlp.edu.ar\/index.php\/wp-json\/wp\/v2\/pages\/85\/revisions"}],"predecessor-version":[{"id":795,"href":"https:\/\/fundacion.exactas.unlp.edu.ar\/index.php\/wp-json\/wp\/v2\/pages\/85\/revisions\/795"}],"wp:attachment":[{"href":"https:\/\/fundacion.exactas.unlp.edu.ar\/index.php\/wp-json\/wp\/v2\/media?parent=85"}],"curies":[{"name":"wp","href":"https:\/\/api.w.org\/{rel}","templated":true}]}}