{"id":87,"date":"2022-08-03T21:55:43","date_gmt":"2022-08-04T00:55:43","guid":{"rendered":"https:\/\/fundacion.exactas.unlp.edu.ar\/?page_id=87"},"modified":"2024-10-14T08:52:38","modified_gmt":"2024-10-14T11:52:38","slug":"donaciones","status":"publish","type":"page","link":"https:\/\/fundacion.exactas.unlp.edu.ar\/index.php\/donaciones\/","title":{"rendered":"Donaciones"},"content":{"rendered":"\n<p>La Fundaci\u00f3n de Ciencias Exactas desde el a\u00f1o 2017 que realiza donaciones a la Facultad para el mantenimiento, avance y desarrollo de la misma.<\/p>\n\n\n\n<div class=\"wp-block-file\"><a id=\"wp-block-file--media-ff35df49-092a-4d4f-a1a4-66a430b8bd6d\" href=\"https:\/\/fundacion.exactas.unlp.edu.ar\/wp-content\/uploads\/2022\/10\/ANO-2017-donaciones.pdf\"><i class=\"fas fa-hand-holding-dollar\"><\/i> <strong>DONACIONES A\u00d1O 2017<\/strong><\/a><a href=\"https:\/\/fundacion.exactas.unlp.edu.ar\/wp-content\/uploads\/2022\/10\/ANO-2017-donaciones.pdf\" class=\"wp-block-file__button wp-element-button\" download aria-describedby=\"wp-block-file--media-ff35df49-092a-4d4f-a1a4-66a430b8bd6d\">Download<\/a><\/div>\n\n\n\n<div class=\"wp-block-file\"><a id=\"wp-block-file--media-e74163c3-b756-41a7-920f-bf0205b79e53\" href=\"https:\/\/fundacion.exactas.unlp.edu.ar\/wp-content\/uploads\/2022\/10\/ANO-2018-donaciones.pdf\"><i class=\"fas fa-hand-holding-dollar\"><\/i> <strong>DONACIONES A\u00d1O 2018<\/strong><\/a><a href=\"https:\/\/fundacion.exactas.unlp.edu.ar\/wp-content\/uploads\/2022\/10\/ANO-2018-donaciones.pdf\" class=\"wp-block-file__button wp-element-button\" download aria-describedby=\"wp-block-file--media-e74163c3-b756-41a7-920f-bf0205b79e53\">Download<\/a><\/div>\n\n\n\n<div class=\"wp-block-file\"><a id=\"wp-block-file--media-ff547828-9e8d-4c02-98ea-0912ae321d7e\" href=\"https:\/\/fundacion.exactas.unlp.edu.ar\/wp-content\/uploads\/2022\/10\/ANO-2019-donaciones.pdf\"><i class=\"fas fa-hand-holding-dollar\"><\/i> <strong>DONACIONES A\u00d1O 2019<\/strong><\/a><a href=\"https:\/\/fundacion.exactas.unlp.edu.ar\/wp-content\/uploads\/2022\/10\/ANO-2019-donaciones.pdf\" class=\"wp-block-file__button wp-element-button\" download aria-describedby=\"wp-block-file--media-ff547828-9e8d-4c02-98ea-0912ae321d7e\">Download<\/a><\/div>\n\n\n\n<div class=\"wp-block-file\"><a id=\"wp-block-file--media-82de50c0-de0c-4640-879a-e13f68a0456a\" href=\"https:\/\/fundacion.exactas.unlp.edu.ar\/wp-content\/uploads\/2022\/10\/ANO-2020-donaciones.pdf\"><i class=\"fas fa-hand-holding-dollar\"><\/i> <strong>DONACIONES A\u00d1O 2020 <\/strong><\/a><a href=\"https:\/\/fundacion.exactas.unlp.edu.ar\/wp-content\/uploads\/2022\/10\/ANO-2020-donaciones.pdf\" class=\"wp-block-file__button wp-element-button\" download aria-describedby=\"wp-block-file--media-82de50c0-de0c-4640-879a-e13f68a0456a\">Download<\/a><\/div>\n\n\n\n<div class=\"wp-block-file\"><a id=\"wp-block-file--media-42f491fa-f2b0-404c-9cac-b548083f1344\" href=\"https:\/\/fundacion.exactas.unlp.edu.ar\/wp-content\/uploads\/2022\/10\/ANO-2021-donaciones.pdf\"><i class=\"fas fa-hand-holding-dollar\"><\/i> <strong>DONACIONES A\u00d1O 2021<\/strong><\/a><a href=\"https:\/\/fundacion.exactas.unlp.edu.ar\/wp-content\/uploads\/2022\/10\/ANO-2021-donaciones.pdf\" class=\"wp-block-file__button wp-element-button\" download aria-describedby=\"wp-block-file--media-42f491fa-f2b0-404c-9cac-b548083f1344\">Download<\/a><\/div>\n\n\n\n<div class=\"wp-block-file\"><a id=\"wp-block-file--media-42f491fa-f2b0-404c-9cac-b548083f1344\" href=\"https:\/\/fundacion.exactas.unlp.edu.ar\/wp-content\/uploads\/2023\/04\/Donaciones-Ano-2022.pdf\"><i class=\"fas fa-hand-holding-dollar\"><\/i> <strong>DONACIONES A\u00d1O 2022<\/strong><\/a><a href=\"https:\/\/fundacion.exactas.unlp.edu.ar\/wp-content\/uploads\/2023\/04\/Donaciones-Ano-2022.pdf\" class=\"wp-block-file__button wp-element-button\" download aria-describedby=\"wp-block-file--media-42f491fa-f2b0-404c-9cac-b548083f1344\">Download<\/a><\/div>\n\n\n\n<div class=\"wp-block-file\"><a id=\"wp-block-file--media-a1dd3489-3b8c-463d-80f1-3ac6967581f2\" href=\"https:\/\/fundacion.exactas.unlp.edu.ar\/wp-content\/uploads\/2024\/10\/Donaciones-ano-2023-1.xlsx\"><i class=\"fas fa-hand-holding-dollar\"><\/i> <strong>DONACIONES A\u00d1O 2023<\/strong><\/a><a href=\"https:\/\/fundacion.exactas.unlp.edu.ar\/wp-content\/uploads\/2024\/10\/Donaciones-ano-2023-1.xlsx\" class=\"wp-block-file__button wp-element-button\" download aria-describedby=\"wp-block-file--media-a1dd3489-3b8c-463d-80f1-3ac6967581f2\">Download<\/a><\/div>\n\n\n\n<p><\/p>\n\n\n\n<p><strong>A\u00d1O 2024<\/strong><\/p>\n\n\n\n<p>    <strong> FECHA<\/strong>                                                                                                        <strong>CONCEPTO<\/strong><\/p>\n\n\n\n<figure class=\"wp-block-table is-style-regular\"><table><tbody><tr><td>Enero 2024<\/td><td>Donaci\u00f3n para gastos de funcionamiento y desarrollo del Museo de F\u00edsica<\/td><\/tr><tr><td>Enero 2024<\/td><td>Donaci\u00f3n para gastos de funcionamiento y desarrollo del Museo de Quimica<\/td><\/tr><tr><td>Enero 2024<\/td><td>Compra de mesadas para laboratorios y aulas del edificio Gran Malvina del Bosque Este<\/td><\/tr><tr><td>Enero 2024<\/td><td>Aporte a la XIX Reuni\u00f3n Anual de la Asociaci\u00f3n Argentina de Cristalograf\u00eda (AACr), Departamento de Qu\u00edmica. Responsable: Dra. Mar\u00eda Susana Conconi<\/td><\/tr><tr><td>Enero 2024<\/td><td>Aporte al XIV Congreso Argentino de Bioinform\u00e1tica y Biolog\u00eda Computacional (A2B2C) &#8211; IX Simposio de J\u00f3venes Investigadores en Bioinform\u00e1tica (SAJIB), Departamento de Ciencias Biol\u00f3gicas. Responsable: Dra. Agustina Nardo<\/td><\/tr><tr><td>Enero 2024<\/td><td>Aporte al II Congreso CMaLP \u2013 Quantum 24 &#8212; Coloquio de \u00c1lgebras y Representaciones, Departamento de Matem\u00e1tica. Responsable: Dr. Gast\u00f3n Garc\u00eda<\/td><\/tr><tr><td>Enero 2024<\/td><td>Aporte al Holography in and Beyond the AdS Paradigm, Departamento de F\u00edsica. Responsable: Dr. Guillermo Ariel Silva<\/td><\/tr><tr><td>Enero 2024<\/td><td>Aporte a VI Jornadas de Qu\u00edmica Inorg\u00e1nica Prof. Aymonino, Departamento de Qu\u00edmica. Responsable: Dra. Rosana Romano<\/td><\/tr><tr><td>Febrero 2024<\/td><td>Materiales para acondicionamiento de sala para docentes de F\u00edsica<\/td><\/tr><tr><td>Febrero 2024<\/td><td>Compra de materiales de refrigeraci\u00f3n, reparaci\u00f3n de soldadora, compra de materiales para mantenimiento<\/td><\/tr><tr><td>Febrero 2024<\/td><td>Materiales el\u00e9ctricos para instalaci\u00f3n de equipamiento especifico para el \u00e1rea de Gen\u00f3mica y Diagn\u00f3sticos Molecular del Laboratorio de Salud Publica<\/td><\/tr><tr><td>Marzo 2024<\/td><td>Materiales varios para acondicionamiento del edificio Gran Malvina del Bosque Este<\/td><\/tr><tr><td>Marzo 2024<\/td><td>Donaci\u00f3n Departamento de Matem\u00e1tica &#8211; Reparaci\u00f3n de pizarr\u00f3n en aula 4<\/td><\/tr><tr><td>Abril 2024<\/td><td>Donaci\u00f3n Departamento de Matem\u00e1tica &#8211; T\u00f3ner para impresoras<\/td><\/tr><tr><td>Abril 2024<\/td><td>Donaci\u00f3n Departamento de Matem\u00e1tica &#8211; Reparaci\u00f3n aire acondicionado<\/td><\/tr><tr><td>Abril 2024<\/td><td>Donaci\u00f3n Departamento de Matem\u00e1tica &#8211; 6 paneles led para las Aulas 6 y Samur<\/td><\/tr><tr><td>Abril 2024<\/td><td>Donaci\u00f3n Departamento de Matem\u00e1tica &#8211; 2 rollos de persianas para las Aulas 3 y 1<\/td><\/tr><tr><td>Abril 2024<\/td><td>Donaci\u00f3n Departamento de Matem\u00e1tica &#8211; Grifer\u00eda para los mingitorios del ba\u00f1o de alumnos del primer piso<\/td><\/tr><tr><td>Abril 2024<\/td><td>Donaci\u00f3n Departamento de Matem\u00e1tica &#8211; Compra de materiales para el arreglo de la cocina del primer piso<\/td><\/tr><tr><td>Abril 2024<\/td><td>Compra de insumos de electricidad &#8211; Sala de PC<\/td><\/tr><tr><td>Abril 2024<\/td><td>Donaci\u00f3n Departamento de F\u00edsica &#8211; Materiales para la colocaci\u00f3n de g\u00e1rgolas<\/td><\/tr><tr><td>Abril 2024<\/td><td>Donaci\u00f3n Departamento de F\u00edsica &#8211; Materiales para reparaci\u00f3n de ba\u00f1os<\/td><\/tr><tr><td>Abril 2024<\/td><td>Donaci\u00f3n Departamento de Qu\u00edmica &#8211; PC e insumos de computaci\u00f3n<\/td><\/tr><tr><td>Mayo 2024<\/td><td>Donaci\u00f3n Departamento de Qu\u00edmica &#8211; 5 anafes el\u00e9ctricos<\/td><\/tr><tr><td>Mayo 2024<\/td><td>Donaci\u00f3n Departamento de Qu\u00edmica &#8211; Tiras PH<\/td><\/tr><tr><td>Mayo 2024<\/td><td>Donaci\u00f3n Departamento de Qu\u00edmica &#8211; Esp\u00e1tulas, propipetas, pinza, piseta, Electrodos, service de calibraci\u00f3n, ampollas y embudos<\/td><\/tr><tr><td>Mayo 2024<\/td><td>Donaci\u00f3n Departamento de Qu\u00edmica &#8211; Conduct\u00edmetro<\/td><\/tr><tr><td>Mayo 2024<\/td><td>Donaci\u00f3n Departamento de Qu\u00edmica &#8211; Mult\u00edmetro y art\u00edculos de electricidad<\/td><\/tr><tr><td>Mayo 2024<\/td><td>Donaci\u00f3n Departamento de Qu\u00edmica &#8211; Banco de medidas de perdida de carga<\/td><\/tr><tr><td>Mayo 2024<\/td><td>Donaci\u00f3n Departamento de Qu\u00edmica &#8211; 7 picn\u00f3metros sin term\u00f3metro con tapa<\/td><\/tr><tr><td>Mayo 2024<\/td><td>Donaci\u00f3n Departamento de Qu\u00edmica &#8211; Fabricadora de Hielo<\/td><\/tr><tr><td>Mayo 2024<\/td><td>Donaci\u00f3n Departamento de Qu\u00edmica &#8211; Sodio y potasio<\/td><\/tr><tr><td>Mayo 2024<\/td><td>Donaci\u00f3n Departamento de Qu\u00edmica &#8211; Bomba de vac\u00edo<\/td><\/tr><tr><td>Mayo 2024<\/td><td>Insumos para ense\u00f1anza (fibrones, tizas, borradores)<\/td><\/tr><tr><td>Mayo 2024<\/td><td>Materiales y mano de obra para la Impermeabilizaci\u00f3n PROMFyB-edificio Abuelas de Plaza de Mayo<\/td><\/tr><tr><td>Mayo 2024<\/td><td>Compra de Lavaojos para el edificio Gran Malvina del Bosque Este<\/td><\/tr><tr><td>Mayo 2024<\/td><td>Compra de materiales para la adaptaci\u00f3n de ca\u00f1er\u00edas de agua para laboratorio de Planta Baja del edificio Gran Malvina<\/td><\/tr><tr><td>Mayo 2024<\/td><td>Compra de 5 proyectores para docencia<\/td><\/tr><tr><td>Mayo 2024<\/td><td>Donaci\u00f3n Departamento de Matem\u00e1tica &#8211; 10 Paneles LED para aulas<\/td><\/tr><tr><td>Mayo 2024<\/td><td>Donaci\u00f3n Departamento de Matem\u00e1tica &#8211; Membrana para reparaci\u00f3n de la azotea sobre el Aula Samur<\/td><\/tr><tr><td>Mayo 2024<\/td><td>Donaci\u00f3n Departamento de Matem\u00e1tica &#8211; Materiales para reparaci\u00f3n de ba\u00f1o del primer piso<\/td><\/tr><tr><td>Mayo 2024<\/td><td>Donaci\u00f3n Departamento de Matem\u00e1tica &#8211; Material inform\u00e1tico para la Sala Nelly Etchebest<\/td><\/tr><tr><td>Mayo 2024<\/td><td>Donaci\u00f3n Departamento de F\u00edsica &#8211; Art\u00edculos de librer\u00eda, fibrones, borradores, etc.<\/td><\/tr><tr><td>Mayo 2024<\/td><td>Donaci\u00f3n Departamento de Ciencias Biol\u00f3gicas &#8211; Campana Semi industrial<\/td><\/tr><tr><td>Mayo 2024<\/td><td>Donaci\u00f3n Departamento de Ciencias Biol\u00f3gicas &#8211; Celda de cuarzo<\/td><\/tr><tr><td>Mayo 2024<\/td><td>Donaci\u00f3n Departamento de Ciencias Biol\u00f3gicas &#8211; 13 Micropipetas de volumen variable<\/td><\/tr><tr><td>Junio 2024<\/td><td>Donaci\u00f3n Departamento de Ciencias Biol\u00f3gicas &#8211; Reparaci\u00f3n de espectrofot\u00f3metro<\/td><\/tr><tr><td>Junio 2024<\/td><td>Donaci\u00f3n Departamento de Ciencias Biol\u00f3gicas &#8211; Reparaci\u00f3n de agitador orbital<\/td><\/tr><tr><td>Junio 2024<\/td><td>Donaci\u00f3n Departamento de Ciencias Biol\u00f3gicas &#8211; 3 Anafes<\/td><\/tr><tr><td>Junio 2024<\/td><td>Donaci\u00f3n Departamento de Ciencias Biol\u00f3gicas &#8211; Reparaci\u00f3n, calibraci\u00f3n y limpieza de 7 Instrumentos<\/td><\/tr><tr><td>Junio 2024<\/td><td>Donaci\u00f3n Departamento de Ciencias Biol\u00f3gicas &#8211; Reparaci\u00f3n de autoanalizador CM250<\/td><\/tr><tr><td>Junio 2024<\/td><td>Donaci\u00f3n Departamento de Ciencias Biol\u00f3gicas &#8211; Heladera con freezer<\/td><\/tr><tr><td>Junio 2024<\/td><td>Donaci\u00f3n Departamento de Ciencias Biol\u00f3gicas &#8211; Reparaci\u00f3n de 3 monturas &#8211; \u00d3ptica<\/td><\/tr><tr><td>Junio 2024<\/td><td>Donaci\u00f3n Departamento de Ciencias Biol\u00f3gicas &#8211; Arreglo y limpieza de lensometros<\/td><\/tr><tr><td>Junio 2024<\/td><td>Donaci\u00f3n Departamento de Ciencias Biol\u00f3gicas &#8211; 3 Balones de vidrio Kjeldahl 800cc<\/td><\/tr><tr><td>Junio 2024<\/td><td>Donaci\u00f3n Departamento de Qu\u00edmica &#8211; Tizas, t\u00f3ner, tinta y dem\u00e1s insumos para docencia<\/td><\/tr><tr><td>Junio 2024<\/td><td>Donaci\u00f3n Departamento de Qu\u00edmica &#8211; Material para laboratorio<\/td><\/tr><tr><td>Junio 2024<\/td><td>Donaci\u00f3n Departamento de Qu\u00edmica &#8211; Placas de TLC<\/td><\/tr><tr><td>Junio 2024<\/td><td>Donaci\u00f3n Departamento de Qu\u00edmica &#8211; 3 Color\u00edmetros<\/td><\/tr><tr><td>Junio 2024<\/td><td>Donaci\u00f3n Departamento de F\u00edsica &#8211; Material Inform\u00e1tico<\/td><\/tr><tr><td>Junio 2024<\/td><td>Compra de herramientas para el taller de mantenimiento (amoladora, destornilladores, protectores auditivos, taladro, mechas, pinzas, llaves, alicates, etc.)<\/td><\/tr><tr><td>Junio 2024<\/td><td>Compra de detector de fuga de gas<\/td><\/tr><tr><td>Junio 2024<\/td><td>Alquiler de volquete para retiro de material<\/td><\/tr><tr><td>Junio 2024<\/td><td>Compra de 6 Pizarras + 50 Banquetas para aulas de la Facultad<\/td><\/tr><tr><td>Junio 2024<\/td><td>Compra de nivel laser + insumos<\/td><\/tr><tr><td>Junio 2024<\/td><td>Donaci\u00f3n Departamento de Matem\u00e1tica &#8211; Controles remotos para aires<\/td><\/tr><tr><td>Agosto 2024<\/td><td>Donaci\u00f3n Departamento de Matem\u00e1tica &#8211; Cer\u00e1mico y materiales para reparaci\u00f3n de ba\u00f1o<\/td><\/tr><tr><td>Agosto 2024<\/td><td>Donaci\u00f3n Departamento de Matem\u00e1tica &#8211; Paneles Led para aulas<\/td><\/tr><tr><td>Agosto 2024<\/td><td>Donaci\u00f3n Departamento de F\u00edsica &#8211; Tasa anual por Licenciamiento e Inspecci\u00f3n para instalaciones de investigaci\u00f3n y\/o docencia<\/td><\/tr><tr><td>Septiembre 2024<\/td><td>Donaci\u00f3n Departamento de F\u00edsica &#8211; Diagnostico Electr\u00f3nico de equipo<\/td><\/tr><tr><td>Septiembre 2024<\/td><td>Donaci\u00f3n Departamento de Matem\u00e1tica &#8211; Materiales para reparaci\u00f3n de techo del Aula Samur<\/td><\/tr><tr><td>Septiembre 2024<\/td><td>Donaci\u00f3n Departamento de Matem\u00e1tica &#8211; Materiales y mano de obra para la reparaci\u00f3n impresora<\/td><\/tr><tr><td>Septiembre 2024<\/td><td>Donaci\u00f3n Departamento de Matem\u00e1tica &#8211; Cable HDMI<\/td><\/tr><\/tbody><\/table><\/figure>\n\n\n\n<p><\/p>\n","protected":false},"excerpt":{"rendered":"<p>La Fundaci\u00f3n de Ciencias Exactas desde el a\u00f1o 2017 que realiza donaciones a la Facultad para el mantenimiento, avance y desarrollo de la misma. DONACIONES A\u00d1O 2022Download A\u00d1O 2024 FECHA CONCEPTO Enero 2024 Donaci\u00f3n para gastos de funcionamiento y desarrollo del Museo de F\u00edsica Enero 2024 Donaci\u00f3n para gastos de funcionamiento y desarrollo del Museo &#8230; <a title=\"Donaciones\" class=\"read-more\" href=\"https:\/\/fundacion.exactas.unlp.edu.ar\/index.php\/donaciones\/\" aria-label=\"Leer m\u00e1s sobre Donaciones\">Leer m\u00e1s<\/a><\/p>\n","protected":false},"author":4,"featured_media":0,"parent":0,"menu_order":3,"comment_status":"closed","ping_status":"closed","template":"","meta":{"footnotes":""},"class_list":["post-87","page","type-page","status-publish"],"_links":{"self":[{"href":"https:\/\/fundacion.exactas.unlp.edu.ar\/index.php\/wp-json\/wp\/v2\/pages\/87","targetHints":{"allow":["GET"]}}],"collection":[{"href":"https:\/\/fundacion.exactas.unlp.edu.ar\/index.php\/wp-json\/wp\/v2\/pages"}],"about":[{"href":"https:\/\/fundacion.exactas.unlp.edu.ar\/index.php\/wp-json\/wp\/v2\/types\/page"}],"author":[{"embeddable":true,"href":"https:\/\/fundacion.exactas.unlp.edu.ar\/index.php\/wp-json\/wp\/v2\/users\/4"}],"replies":[{"embeddable":true,"href":"https:\/\/fundacion.exactas.unlp.edu.ar\/index.php\/wp-json\/wp\/v2\/comments?post=87"}],"version-history":[{"count":19,"href":"https:\/\/fundacion.exactas.unlp.edu.ar\/index.php\/wp-json\/wp\/v2\/pages\/87\/revisions"}],"predecessor-version":[{"id":729,"href":"https:\/\/fundacion.exactas.unlp.edu.ar\/index.php\/wp-json\/wp\/v2\/pages\/87\/revisions\/729"}],"wp:attachment":[{"href":"https:\/\/fundacion.exactas.unlp.edu.ar\/index.php\/wp-json\/wp\/v2\/media?parent=87"}],"curies":[{"name":"wp","href":"https:\/\/api.w.org\/{rel}","templated":true}]}}